{"id":73,"date":"2019-12-17T09:50:42","date_gmt":"2019-12-17T08:50:42","guid":{"rendered":"http:\/\/jeea-h2-2020.utbm.fr\/?page_id=73"},"modified":"2020-03-31T11:01:05","modified_gmt":"2020-03-31T09:01:05","slug":"a-propos","status":"publish","type":"page","link":"https:\/\/jeea-h2-2020.utbm.fr\/","title":{"rendered":"A propos"},"content":{"rendered":"\n<div class=\"wp-block-group has-very-light-gray-background-color has-background\"><div class=\"wp-block-group__inner-container is-layout-flow wp-block-group-is-layout-flow\">\n<p class=\"has-text-color has-large-font-size has-vivid-red-color\"><strong>la situation li\u00e9e au COVID-19 nous am\u00e8ne \u00e0 reporter les journ\u00e9es \u00e0 une date ult\u00e9rieure<\/strong><\/p>\n\n\n\n<p class=\"has-background has-large-font-size has-very-light-gray-background-color\"><strong>Objectifs des journ\u00e9es<\/strong><\/p>\n\n\n\n<p style=\"font-size:22px\" class=\"has-background has-very-light-gray-background-color\">L\u2019intermittence\ndes \u00e9nergies renouvelables est source de nombreuses probl\u00e9matiques de gestion\ndu r\u00e9seau \u00e9lectrique. Pour g\u00e9rer un r\u00e9seau constitu\u00e9 jour apr\u00e8s jour d\u2019un peu\nplus d\u2019\u00e9nergies intermittentes, il est n\u00e9cessaire de disposer de r\u00e9serves de\nstockage et de d\u00e9stockage pour faire face \u00e0 la diff\u00e9rence entre l\u2019offre et la\ndemande sur un territoire donn\u00e9. Il s\u2019av\u00e8re qu\u2019un des moyen id\u00e9al pour stocker\ncette \u00e9nergie d\u2019origine renouvelable est l\u2019hydrog\u00e8ne. Il peut \u00eatre produit \u00e0\npartir de l\u2019\u00e9lectrolyse de l\u2019eau, elle-m\u00eame aliment\u00e9e par les \u00e9nergies\nrenouvelables. Le gaz produit est alors stock\u00e9 sous diff\u00e9rentes formes pour\n\u00eatre utilis\u00e9 au moment opportun. L\u2019hydrog\u00e8ne pourra \u00eatre combin\u00e9 au gaz naturel\ndans les r\u00e9seaux existants ou directement utilis\u00e9 dans l\u2019industrie ou encore\npour fabriquer de nouveau de l\u2019\u00e9lectricit\u00e9 gr\u00e2ce \u00e0 une pile \u00e0 combustible dans\ndiff\u00e9rentes applications (stationnaires ou transport).<\/p>\n\n\n\n<p style=\"color:#0b5351\" class=\"has-text-color has-background has-medium-font-size has-very-light-gray-background-color\"><strong><em>Ces journ\u00e9es permettront de faire un tour\nd\u2019horizon des enjeux, des solutions et des technologies autour de&nbsp; l\u2019\u00abhydrog\u00e8ne-\u00e9nergie\u00bb gr\u00e2ce aux diff\u00e9rents\nacteurs acad\u00e9miques, industriels et institutionnels du domaine.<\/em><\/strong><\/p>\n<\/div><\/div>\n","protected":false},"excerpt":{"rendered":"<p>la situation li\u00e9e au COVID-19 nous am\u00e8ne \u00e0 reporter les journ\u00e9es \u00e0 une date ult\u00e9rieure Objectifs des journ\u00e9es L\u2019intermittence des \u00e9nergies renouvelables est source de nombreuses probl\u00e9matiques de gestion du r\u00e9seau \u00e9lectrique. Pour g\u00e9rer un r\u00e9seau constitu\u00e9 jour apr\u00e8s jour [&hellip;]<\/p>\n","protected":false},"author":3,"featured_media":0,"parent":0,"menu_order":0,"comment_status":"closed","ping_status":"closed","template":"page-templates\/page_front-page.php","meta":{"footnotes":""},"class_list":["post-73","page","type-page","status-publish","hentry"],"_links":{"self":[{"href":"https:\/\/jeea-h2-2020.utbm.fr\/index.php?rest_route=\/wp\/v2\/pages\/73","targetHints":{"allow":["GET"]}}],"collection":[{"href":"https:\/\/jeea-h2-2020.utbm.fr\/index.php?rest_route=\/wp\/v2\/pages"}],"about":[{"href":"https:\/\/jeea-h2-2020.utbm.fr\/index.php?rest_route=\/wp\/v2\/types\/page"}],"author":[{"embeddable":true,"href":"https:\/\/jeea-h2-2020.utbm.fr\/index.php?rest_route=\/wp\/v2\/users\/3"}],"replies":[{"embeddable":true,"href":"https:\/\/jeea-h2-2020.utbm.fr\/index.php?rest_route=%2Fwp%2Fv2%2Fcomments&post=73"}],"version-history":[{"count":11,"href":"https:\/\/jeea-h2-2020.utbm.fr\/index.php?rest_route=\/wp\/v2\/pages\/73\/revisions"}],"predecessor-version":[{"id":306,"href":"https:\/\/jeea-h2-2020.utbm.fr\/index.php?rest_route=\/wp\/v2\/pages\/73\/revisions\/306"}],"wp:attachment":[{"href":"https:\/\/jeea-h2-2020.utbm.fr\/index.php?rest_route=%2Fwp%2Fv2%2Fmedia&parent=73"}],"curies":[{"name":"wp","href":"https:\/\/api.w.org\/{rel}","templated":true}]}}