{"id":57,"date":"2019-12-16T16:30:33","date_gmt":"2019-12-16T15:30:33","guid":{"rendered":"http:\/\/jeea-h2-2020.utbm.fr\/?page_id=57"},"modified":"2020-02-12T16:12:03","modified_gmt":"2020-02-12T15:12:03","slug":"contact","status":"publish","type":"page","link":"https:\/\/jeea-h2-2020.utbm.fr\/?page_id=57","title":{"rendered":"Contact"},"content":{"rendered":"\n<div class=\"wp-block-group\"><div class=\"wp-block-group__inner-container is-layout-flow wp-block-group-is-layout-flow\">\n<p>Pr. Samir JEMEI<br>samir.jemei@ubfc.fr <br>Tel. : +33(0) 384 583 641<br><br>FC LAB \/ Femto-ST \/ UTBM<br>Site de Belfort<br>Rue Thierry Mieg<br>B\u00e2timent F<br>90010 Belfort Cedex<\/p>\n<\/div><\/div>\n\n\n\n<div class=\"wp-block-media-text alignwide\"><figure class=\"wp-block-media-text__media\"><img loading=\"lazy\" decoding=\"async\" width=\"893\" height=\"537\" src=\"http:\/\/jeea-h2-2020.utbm.fr\/wp-content\/uploads\/2020\/01\/plan-utbm.jpg\" alt=\"\" class=\"wp-image-123\" srcset=\"https:\/\/jeea-h2-2020.utbm.fr\/wp-content\/uploads\/2020\/01\/plan-utbm.jpg 893w, https:\/\/jeea-h2-2020.utbm.fr\/wp-content\/uploads\/2020\/01\/plan-utbm-300x180.jpg 300w, https:\/\/jeea-h2-2020.utbm.fr\/wp-content\/uploads\/2020\/01\/plan-utbm-768x462.jpg 768w, https:\/\/jeea-h2-2020.utbm.fr\/wp-content\/uploads\/2020\/01\/plan-utbm-830x499.jpg 830w, https:\/\/jeea-h2-2020.utbm.fr\/wp-content\/uploads\/2020\/01\/plan-utbm-230x138.jpg 230w, https:\/\/jeea-h2-2020.utbm.fr\/wp-content\/uploads\/2020\/01\/plan-utbm-350x210.jpg 350w, https:\/\/jeea-h2-2020.utbm.fr\/wp-content\/uploads\/2020\/01\/plan-utbm-480x289.jpg 480w\" sizes=\"auto, (max-width: 893px) 100vw, 893px\" \/><\/figure><div class=\"wp-block-media-text__content\">\n<p><a href=\"https:\/\/www.google.com\/maps\/place\/UTBM+-+Site+de+Belfort\/@47.6405396,6.837309,15z\/data=!4m5!3m4!1s0x47923b7c366c0c4f:0x15e6ffdc17e79123!8m2!3d47.6414215!4d6.8440682\">UTBM<\/a> Site de Belfort Accueil B\u00e2timent E&nbsp; <\/p>\n<\/div><\/div>\n\n\n\n<p>   <\/p>\n\n\n\n<p class=\"has-medium-font-size\">Comit\u00e9 d&rsquo;organisation local:<\/p>\n\n\n\n<figure class=\"wp-block-table is-style-stripes\"><table class=\"\"><tbody><tr><td class=\"has-text-align-left\" data-align=\"left\">Youcef A\u00eft-Amirat<br>Daniel Hissel <br>Samir Jeme\u00ef<br>Amel Benmouma<br>Arnaud Gaillard<br>Hugo Lambert <br>Didier Chamagne <\/td><td class=\"has-text-align-left\" data-align=\"left\">Fr\u00e9d\u00e9ric Gustin<br>Isabelle Christen <br>Elodie Pahon<br>Violaine Hell<br>Karine Diez  <br>Abdelkader Detti <\/td><td class=\"has-text-align-left\" data-align=\"left\">Micka\u00ebl Hilairet<br>Robin Roche<br>Romain Tabusse<br>Bruno Riccio <br>J\u00e9r\u00e9my Villaume  <br>Rania Morando<\/td><\/tr><\/tbody><\/table><\/figure>\n\n\n\n<p><\/p>\n","protected":false},"excerpt":{"rendered":"<p>Pr. Samir JEMEIsamir.jemei@ubfc.fr Tel. : +33(0) 384 583 641 FC LAB \/ Femto-ST \/ UTBMSite de BelfortRue Thierry MiegB\u00e2timent F90010 Belfort Cedex UTBM Site de Belfort Accueil B\u00e2timent E&nbsp; Comit\u00e9 d&rsquo;organisation local: Youcef A\u00eft-AmiratDaniel Hissel Samir Jeme\u00efAmel BenmoumaArnaud GaillardHugo Lambert [&hellip;]<\/p>\n","protected":false},"author":3,"featured_media":0,"parent":0,"menu_order":0,"comment_status":"closed","ping_status":"closed","template":"","meta":{"footnotes":""},"class_list":["post-57","page","type-page","status-publish","hentry"],"_links":{"self":[{"href":"https:\/\/jeea-h2-2020.utbm.fr\/index.php?rest_route=\/wp\/v2\/pages\/57","targetHints":{"allow":["GET"]}}],"collection":[{"href":"https:\/\/jeea-h2-2020.utbm.fr\/index.php?rest_route=\/wp\/v2\/pages"}],"about":[{"href":"https:\/\/jeea-h2-2020.utbm.fr\/index.php?rest_route=\/wp\/v2\/types\/page"}],"author":[{"embeddable":true,"href":"https:\/\/jeea-h2-2020.utbm.fr\/index.php?rest_route=\/wp\/v2\/users\/3"}],"replies":[{"embeddable":true,"href":"https:\/\/jeea-h2-2020.utbm.fr\/index.php?rest_route=%2Fwp%2Fv2%2Fcomments&post=57"}],"version-history":[{"count":13,"href":"https:\/\/jeea-h2-2020.utbm.fr\/index.php?rest_route=\/wp\/v2\/pages\/57\/revisions"}],"predecessor-version":[{"id":221,"href":"https:\/\/jeea-h2-2020.utbm.fr\/index.php?rest_route=\/wp\/v2\/pages\/57\/revisions\/221"}],"wp:attachment":[{"href":"https:\/\/jeea-h2-2020.utbm.fr\/index.php?rest_route=%2Fwp%2Fv2%2Fmedia&parent=57"}],"curies":[{"name":"wp","href":"https:\/\/api.w.org\/{rel}","templated":true}]}}