{"id":55,"date":"2019-12-16T16:30:33","date_gmt":"2019-12-16T15:30:33","guid":{"rendered":"http:\/\/jeea-h2-2020.utbm.fr\/?page_id=55"},"modified":"2020-03-31T11:01:31","modified_gmt":"2020-03-31T09:01:31","slug":"informations-pratiques","status":"publish","type":"page","link":"https:\/\/jeea-h2-2020.utbm.fr\/?page_id=55","title":{"rendered":"Informations pratiques"},"content":{"rendered":"\n<p class=\"has-text-color has-large-font-size has-vivid-red-color\"><strong> la situation li\u00e9e au COVID-19 nous am\u00e8ne \u00e0 reporter les journ\u00e9es \u00e0 une date ult\u00e9rieure <\/strong><\/p>\n\n\n\n<p style=\"color:#1b998b\" class=\"has-text-color has-large-font-size\">Accueil<\/p>\n\n\n\n<div class=\"wp-block-media-text alignwide\" style=\"grid-template-columns:41% auto\"><figure class=\"wp-block-media-text__media\"><img loading=\"lazy\" decoding=\"async\" width=\"893\" height=\"537\" src=\"http:\/\/jeea-h2-2020.utbm.fr\/wp-content\/uploads\/2020\/01\/plan-utbm.jpg\" alt=\"\" class=\"wp-image-123\" srcset=\"https:\/\/jeea-h2-2020.utbm.fr\/wp-content\/uploads\/2020\/01\/plan-utbm.jpg 893w, https:\/\/jeea-h2-2020.utbm.fr\/wp-content\/uploads\/2020\/01\/plan-utbm-300x180.jpg 300w, https:\/\/jeea-h2-2020.utbm.fr\/wp-content\/uploads\/2020\/01\/plan-utbm-768x462.jpg 768w, https:\/\/jeea-h2-2020.utbm.fr\/wp-content\/uploads\/2020\/01\/plan-utbm-830x499.jpg 830w, https:\/\/jeea-h2-2020.utbm.fr\/wp-content\/uploads\/2020\/01\/plan-utbm-230x138.jpg 230w, https:\/\/jeea-h2-2020.utbm.fr\/wp-content\/uploads\/2020\/01\/plan-utbm-350x210.jpg 350w, https:\/\/jeea-h2-2020.utbm.fr\/wp-content\/uploads\/2020\/01\/plan-utbm-480x289.jpg 480w\" sizes=\"auto, (max-width: 893px) 100vw, 893px\" \/><\/figure><div class=\"wp-block-media-text__content\">\n<p style=\"font-size:19px\"> <a href=\"https:\/\/www.google.com\/maps\/place\/UTBM+-+Site+de+Belfort\/@47.6405396,6.837309,15z\/data=!4m5!3m4!1s0x47923b7c366c0c4f:0x15e6ffdc17e79123!8m2!3d47.6414215!4d6.8440682\">UTBM<\/a> Site de Belfort  B\u00e2timent E&nbsp;  <br>Site de Belfort<br>Rue Thierry Mieg<br>90010 Belfort Cedex  <\/p>\n<\/div><\/div>\n\n\n\n<p style=\"color:#1b998b\" class=\"has-text-color has-large-font-size\">Trajet<\/p>\n\n\n\n<div class=\"wp-block-media-text alignwide\" style=\"grid-template-columns:41% auto\"><figure class=\"wp-block-media-text__media\"><img loading=\"lazy\" decoding=\"async\" width=\"284\" height=\"178\" src=\"http:\/\/jeea-h2-2020.utbm.fr\/wp-content\/uploads\/2019\/12\/images-1-2.jpg\" alt=\"\" class=\"wp-image-88\" srcset=\"https:\/\/jeea-h2-2020.utbm.fr\/wp-content\/uploads\/2019\/12\/images-1-2.jpg 284w, https:\/\/jeea-h2-2020.utbm.fr\/wp-content\/uploads\/2019\/12\/images-1-2-230x144.jpg 230w\" sizes=\"auto, (max-width: 284px) 100vw, 284px\" \/><\/figure><div class=\"wp-block-media-text__content\">\n<p style=\"font-size:19px\">Gare SNCF \u00e0 1,5km<\/p>\n\n\n\n<p style=\"font-size:19px\">Gare TGV \u00e0 12 km<\/p>\n<\/div><\/div>\n\n\n\n<div class=\"wp-block-media-text alignwide\" style=\"grid-template-columns:41% auto\"><figure class=\"wp-block-media-text__media\"><img loading=\"lazy\" decoding=\"async\" width=\"300\" height=\"168\" src=\"http:\/\/jeea-h2-2020.utbm.fr\/wp-content\/uploads\/2019\/12\/images-2-1.jpg\" alt=\"\" class=\"wp-image-92\" srcset=\"https:\/\/jeea-h2-2020.utbm.fr\/wp-content\/uploads\/2019\/12\/images-2-1.jpg 300w, https:\/\/jeea-h2-2020.utbm.fr\/wp-content\/uploads\/2019\/12\/images-2-1-230x129.jpg 230w\" sizes=\"auto, (max-width: 300px) 100vw, 300px\" \/><\/figure><div class=\"wp-block-media-text__content\">\n<p style=\"font-size:19px\"> A\u00e9roport international B\u00e2le \u00e0 70 km (45 min en voiture) <\/p>\n<\/div><\/div>\n\n\n\n<div class=\"wp-block-media-text alignwide\" style=\"grid-template-columns:41% auto\"><figure class=\"wp-block-media-text__media\"><img loading=\"lazy\" decoding=\"async\" width=\"1024\" height=\"539\" src=\"http:\/\/jeea-h2-2020.utbm.fr\/wp-content\/uploads\/2020\/01\/Capture-1024x539.jpg\" alt=\"\" class=\"wp-image-154\" srcset=\"https:\/\/jeea-h2-2020.utbm.fr\/wp-content\/uploads\/2020\/01\/Capture-1024x539.jpg 1024w, https:\/\/jeea-h2-2020.utbm.fr\/wp-content\/uploads\/2020\/01\/Capture-300x158.jpg 300w, https:\/\/jeea-h2-2020.utbm.fr\/wp-content\/uploads\/2020\/01\/Capture-768x404.jpg 768w, https:\/\/jeea-h2-2020.utbm.fr\/wp-content\/uploads\/2020\/01\/Capture-830x437.jpg 830w, https:\/\/jeea-h2-2020.utbm.fr\/wp-content\/uploads\/2020\/01\/Capture-230x121.jpg 230w, https:\/\/jeea-h2-2020.utbm.fr\/wp-content\/uploads\/2020\/01\/Capture-350x184.jpg 350w, https:\/\/jeea-h2-2020.utbm.fr\/wp-content\/uploads\/2020\/01\/Capture-480x253.jpg 480w, https:\/\/jeea-h2-2020.utbm.fr\/wp-content\/uploads\/2020\/01\/Capture.jpg 1136w\" sizes=\"auto, (max-width: 1024px) 100vw, 1024px\" \/><\/figure><div class=\"wp-block-media-text__content\">\n<p style=\"font-size:19px\">R\u00e9seau de Bus <a href=\"https:\/\/www.optymo.fr\/\">Optimo<\/a><\/p>\n<\/div><\/div>\n\n\n\n<p style=\"color:#1b998b\" class=\"has-text-color has-large-font-size\">H\u00e9bergement<\/p>\n\n\n\n<p style=\"font-size:19px\">Vous trouverez ci-dessous la liste des h\u00f4tels avec leurs coordonn\u00e9es, les tarifs sont des prix \u00e0 titre indicatifs, les h\u00f4teliers font souvent des offres via les sites de r\u00e9servation (booking , exp\u00e9dia..) <\/p>\n\n\n\n<figure class=\"wp-block-table alignfull is-style-stripes\"><table class=\"has-fixed-layout\"><tbody><tr><td><a>Nom<\/a><\/td><td>Commune<\/td><td>Adresse<\/td><td>CP<\/td><td>Ville<\/td><td>Tel<\/td><td>Fax<\/td><td>E-mail<\/td><td>Site web<\/td><td>Nb de chambres\n  dispo \u00e0 l&rsquo;hotel<\/td><td>Type de chambres<\/td><td>Tarifs   indicatifs <br>en semaine en&nbsp; chambre   single<br> A PARTIR DE<\/td><td>Petit   D\u00e9jeuner     Tarif A PARTIR DE&nbsp;<\/td><td>Taxe de S\u00e9jour<\/td><\/tr><tr><td>Atria Novotel Belfort Centre<br>\n    ****<\/td><td>BELFORT<\/td><td>avenue\n  de l\u2019Esperance<\/td><td>90000<\/td><td>BELFORT<\/td><td>33(0)3\n  84 58 85 00<\/td><td>33(0)3\n  84 58 85 01<\/td><td>H1742@accor-hotels.com&nbsp;<\/td><td>www.novotel.com&nbsp;<\/td><td>79\n  chambres<\/td><td>Single<br>Double<br>Triple<\/td><td>89\n  \u20ac<\/td><td>12\n  \u20ac<\/td><td>2,20\n  \u20ac<\/td><\/tr><tr><td>B&amp;B Hotel Belfort<br>\n    **<\/td><td>BELFORT<\/td><td>20\n  rue Xavier Bichat<\/td><td>90000<\/td><td>BELFORT<\/td><td>33\n  (0)8 92 78 81 21<\/td><td>33\n  (0)3 84 90 59 00<\/td><td><a href=\"mailto:bb-4510@hotelbb.com\">bb-4510@hotelbb.com<\/a><\/td><td><a href=\"http:\/\/www.hotel-bb.com\/\">www.hotel-bb.com<\/a><\/td><td>78\n  chambres<\/td><td>Single<br>Double<br>Triple<\/td><td>49\n  \u20ac<\/td><td>6,85<\/td><td>0,99\n  \u20ac<\/td><\/tr><tr><td>B&amp;B Hotel Bessoncourt<br>\n    **<\/td><td>BESSONCOURT<\/td><td><a href=\"mailto:info@brithotel.fr\">Zone de la porte de Belfort &#8211; 4 route du strat\u00e9gique<br>90160 Belfort<\/a><\/td><td>90160<\/td><td>BESSONCOURT<\/td><td>33\n  (0)3 84 29 94 42<\/td><td>33\n  (0) 890 106 702&nbsp;<\/td><td><a href=\"mailto:bb_4615@hotelbb.com\">bb_4615@hotelbb.com<\/a><\/td><td><a href=\"http:\/\/www.hotel-bb.com\/\">www.hotel-bb.com<\/a><\/td><td>47\n  chambres<\/td><td>Single<br>Double<br> Triple<\/td><td>45\n  \u20ac<\/td><td>6,85\n  \u20ac<\/td><td>&#8211;<\/td><\/tr><tr><td>Best Western<br>\n    ****<\/td><td>BELFORT<\/td><td>9\n  avenue Wilson<\/td><td>90000<\/td><td>BELFORT<\/td><td>33\n  (0)3 84 21 59 45<\/td><td>33\n  (0)3 84 22 72 40<\/td><td><a href=\"mailto:contact@bestwestern-hotel-belfort.fr\">contact@bestwestern-hotel-belfort.fr<\/a><\/td><td><a href=\"http:\/\/www.bestwestern-hotel-belfort.fr\/\">www.bestwestern-hotel-belfort.fr<\/a><\/td><td>42\n  chambres<\/td><td>Single<br>Double<br>Triple<\/td><td>72\n  \u20ac<\/td><td>11\n  \u20ac<\/td><td>2,20\n  \u20ac<\/td><\/tr><tr><td>Brit-Hotel<br>\n    ****<\/td><td>BELFORT<\/td><td>2,\n  rue du Comte de la Suze<\/td><td>90000<\/td><td>BELFORT<\/td><td>33\n  (0)3 84 22 32 32<\/td><td>33\n  (0)3 84 28 15 01<\/td><td><a href=\"mailto:info@hotelboreal.com\">info@hotelboreal.com<\/a><\/td><td><a href=\"http:\/\/www.hotelboreal.com\/\">www.hotelboreal.com<\/a><\/td><td>52\n  chambres<\/td><td>Single<br>Double<br> Triple<\/td><td>89\n  \u20ac<\/td><td>11\n  \u20ac<\/td><td>2,20\n  \u20ac<\/td><\/tr><tr><td>Grand Hotel du Tonneau d \u2019Or<br>\n    ****<\/td><td>BELFORT<\/td><td>1\n  rue Reiset<\/td><td>90000<\/td><td>BELFORT<\/td><td>33\n  (0)3 84 58 57 56&nbsp;<\/td><td>33\n  (0)3 84 58 57 50<\/td><td><a href=\"mailto:tonneaudor@tonneaudor.fr\">tonneaudor@tonneaudor.fr<\/a><\/td><td><a href=\"http:\/\/www.tonneaudor.fr\/\">www.tonneaudor.fr<\/a><\/td><td>52\n  chambres<\/td><td>Single<br>Double<br> Triple<\/td><td>87\n  \u20ac<\/td><td>12\n  \u20ac<\/td><td>2,20\n  \u20ac<\/td><\/tr><tr><td>H\u00f4tel Kyriad<br>\n    ***<\/td><td>BELFORT<\/td><td>55\n  bis faubourg de Montbeliard<\/td><td>90000<\/td><td>BELFORT<\/td><td>33\n  (0)3 84 22 46 76<\/td><td>33\n  (0)3 84 22 53 32<\/td><td><a href=\"mailto:contact@kyriad-belfort.fr\">contact@kyriad-belfort.fr<\/a><\/td><td><a href=\"http:\/\/www.hotel-kyriad-belfort.fr\/\">www.hotel-kyriad-belfort.fr<\/a><\/td><td>59\n  chambres<\/td><td>Single<br> Double<br> Triple<\/td><td>75\n  \u20ac<\/td><td>9,50\n  \u20ac<\/td><td>1,10\n  \u20ac<\/td><\/tr><tr><td>Hotel Premiere Classe<br>\n    *<\/td><td>BELFORT<\/td><td>Rue\n  Xavier Bichat<\/td><td>90000<\/td><td>BELFORT<\/td><td>33\n  (0)3 84 22 32 97<\/td><td>33\n  (0)3 84 22 25 89<\/td><td><a href=\"mailto:hotel1ereclasse.belfort@wanadoo.fr\">hotel1ereclasse.belfort@wanadoo.fr&nbsp;<\/a><\/td><td><a href=\"http:\/\/www.premiereclasse.fr\/\">www.premiereclasse.fr<\/a><\/td><td>68\n  chambres<\/td><td>Single<br>\n    Double<br>\n    Triple<\/td><td>38\n  \u20ac<\/td><td>5,90\n  \u20ac<\/td><td>0,82\n  \u20ac<\/td><\/tr><tr><td>H\u00f4tel Restaurant Au Logis des Ours***<\/td><td>OFFEMONT<\/td><td>53\n  Rue Aristide Briand<\/td><td>90300<\/td><td>&nbsp;OFFEMONT<\/td><td>33\n  (0)3 84 21 39 28<br>\n    33 (0)3 84 28 08 07&nbsp;<\/td><td>&nbsp;<\/td><td><a href=\"mailto:aulogisdesours@orange.fr\">aulogisdesours@orange.fr<\/a><\/td><td><a href=\"http:\/\/www.aulogisdesours.fr\/\">www.aulogisdesours.fr\/<\/a><\/td><td>35\n  chambres<\/td><td>Single<br>\n    Double<br>\n    Triple<\/td><td>70\n  \u20ac<\/td><td>9,5<\/td><td>&#8211;<\/td><\/tr><tr><td>Ibis Budget Glacis<br>\n    **<\/td><td>BELFORT<\/td><td>23\n  avenue de la Laurencie<\/td><td>90000<\/td><td>BELFORT<\/td><td>33\n  (0)3 84 54 09 67<\/td><td>33\n  (0)3 84 54 09 71<\/td><td><a href=\"mailto:h8699@accor.com\">h8699@accor.com<\/a><\/td><td>&nbsp;<\/td><td>56\n  chambres<\/td><td>Single<br>\n    Double<br>\n    Triple<\/td><td>39\n  \u20ac<\/td><td>6\n  \u20ac<\/td><td>1,10\n  \u20ac<\/td><\/tr><tr><td>IBIS Danjoutin<br>\n    ***<\/td><td>DANJOUTIN<\/td><td>rue\n  du Docteur Jacquot<\/td><td>90400<\/td><td>DANJOUTIN<\/td><td>33\n  (0)3 84 57 88 88<\/td><td>33\n  (0)3 84 21 32 12<\/td><td><a href=\"mailto:H0355@accor.com\">H0355@accor.com&nbsp;<\/a><\/td><td><a href=\"http:\/\/www.ibishotel.com\/\">www.ibishotel.com<\/a><\/td><td>80\n  chambres<\/td><td>Single<br>\n    Double<br>\n    Triple<\/td><td>59\n  \u20ac<\/td><td>10\n  \u20ac<\/td><td>1,10\n  \u20ac<\/td><\/tr><tr><td>Ibis Style Belfort<br>\n    ***<\/td><td>BELFORT<\/td><td>3\n  Rue Gaston Defferre<\/td><td>90000<\/td><td>BELFORT<\/td><td>33\n  (0)3 84 22 09 84<\/td><td>33\n  (0)3 84 22 59 63<\/td><td><a href=\"mailto:h7331@accor.com\">h7331@accor.com<\/a><\/td><td><a href=\"http:\/\/www.ibishotel.com\/\">www.ibishotel.com<\/a><\/td><td>51\n  chambres<\/td><td>Single<br>\n    Double<br>\n    Triple<\/td><td>65\n  \u20ac<\/td><td>10\n  \u20ac<\/td><td>1,10\n  \u20ac<\/td><\/tr><tr><td>Le Louisiane<br>\n    ***<\/td><td>ANDELNANS<\/td><td>Zac\n  des Pr\u00e9s RN 19<\/td><td>90400<\/td><td>ANDELNANS<\/td><td>33\n  (0)3 84 57 07 29<\/td><td>33\n  (0)3 84 57 07 27<\/td><td>le-louisiane90@wanadoo.fr<\/td><td>www.hotel-lelouisiane.eu<\/td><td>45\n  chambres<\/td><td>Single<br>\n    Double<br>\n    Triple<\/td><td>52\n  \u20ac<\/td><td>9,90\n  \u20ac<\/td><td>1\n  \u20ac<\/td><\/tr><tr><td>Le Saint &#8211; Christophe<br>\n    ***<\/td><td>BELFORT<\/td><td>Place\n  d\u2019Armes<\/td><td>90000<\/td><td>BELFORT<\/td><td>33\n  (0)3 84 55 88 88<\/td><td>33\n  (0)3 84 54 08 77<\/td><td><a href=\"mailto:hotelsaintchristophe@orange.fr\">hotelsaintchristophe@orange.fr<\/a><\/td><td><a href=\"http:\/\/www.hotelsaintchristophe.com\/\">www.hotelsaintchristophe.com<\/a><\/td><td>25\n  chambres<\/td><td>Single<br>\n    Double<br>\n    Triple<\/td><td>87\n  \u20ac<\/td><td>12\n  \u20ac<\/td><td>1,10\n  \u20ac<\/td><\/tr><tr><td>Le Vauban<br>\n    ***<\/td><td>BELFORT<\/td><td>4\n  rue du Magasin<\/td><td>90000<\/td><td>BELFORT<\/td><td>33\n  (0)3 84 21 59 37<\/td><td>33\n  (0)3 84 21 41 67<\/td><td><a href=\"mailto:hotel.vauban@wanadoo.fr\">hotel.vauban@wanadoo.fr<\/a><\/td><td><a href=\"http:\/\/www.hotel-vauban.com\/\">www.hotel-vauban.com<\/a><\/td><td>14\n  chambres<\/td><td>Single<br>\n    Double<br>\n    Triple<\/td><td>79\n  \u20ac<\/td><td>10\n  \u20ac<\/td><td>1\n  \u20ac<\/td><\/tr><tr><td>Les Capucins<br>\n    ***<\/td><td>BELFORT<\/td><td>20\n  faubourg de Montbeliard<\/td><td>90000<\/td><td>BELFORT<\/td><td>33\n  (0)3 84 28 04 60<\/td><td>33\n  (0)3 84 55 00 92<\/td><td><a href=\"mailto:hotel-des-capucins@wanadoo.fr\">hotel-des-capucins@wanadoo.fr&nbsp;<\/a><\/td><td><a href=\"http:\/\/www.capucins-hotel.fr\/\">www.capucins-hotel.fr<\/a><\/td><td>37\n  chambres<\/td><td>Single<br>\n    Double<br>\n    Triple<\/td><td>69\n  \u20ac<\/td><td>10\n  \u20ac<\/td><td>1,10\n  \u20ac<\/td><\/tr><tr><td>Quality-Hotel <br>\n    ****<\/td><td>BELFORT<\/td><td>2A,\n  avenue Jean Moulin<\/td><td>90000<\/td><td>BELFORT<\/td><td>33\n  (0)3 84 22 84 84<\/td><td>33\n  (0)3 84 57 74 12&nbsp;<\/td><td><a href=\"mailto:contact@qualitybelfort.fr\">contact@qualitybelfort.fr<\/a><\/td><td><a href=\"http:\/\/www.choicehotels.fr\/\">www.choicehotels.fr<\/a><\/td><td>76\n  chambres<\/td><td>Single<br>\n    Double<br>\n    Triple<\/td><td>90\n  \u20ac<\/td><td>12\n  \u20ac<\/td><td>2,20\n  \u20ac<\/td><\/tr><tr><td>Campanille <br>\n    ***<\/td><td>MEROUX<\/td><td>1\n  Rue de la Gare TGV<\/td><td>90400<\/td><td>MEROUX<\/td><td>33\n  (0)3 84 19 08 97<\/td><td>&nbsp;<\/td><td><a href=\"mailto:manager.belfort.montbeliard@campanile.fr\">manager.belfort.montbeliard@campanile.fr<\/a><\/td><td><a href=\"http:\/\/www.campanile-belfort.com\/\">www.campanile-belfort.com<\/a><\/td><td>68\n  chambres<\/td><td>Single<br>\n    Double<br>\n    Triple<\/td><td>&#8211;<\/td><td>&#8211;<\/td><td>&#8211;<\/td><\/tr><tr><td>Hostellerie *** SPA du Saut de la Truite<\/td><td>LEPUIX-GY<\/td><td>112\n  Route du Ballon d&rsquo;Alsace<\/td><td>90200<\/td><td>LEPUIX-GY<\/td><td>33\n  (0)9 72 26 90 99<\/td><td>&nbsp;<\/td><td><a href=\"mailto:contact@sautdelatruite.fr\">contact@sautdelatruite.fr<\/a><\/td><td><a href=\"http:\/\/www.sautdelatruite.fr\/contact.php\">www.sautdelatruite.fr\/contact.php<\/a><\/td><td>8<\/td><td>Single<br>\n    Double<br>\n    Triple<\/td><td>&#8211;<\/td><td>&#8211;<\/td><td>&#8211;<\/td><\/tr><tr><td>H\u00f4tel du Sommet<\/td><td>LEPUIX-GY<\/td><td>Ballon\n  d&rsquo;Alsace<\/td><td>90200<\/td><td>LEPUIX-GY<\/td><td>33\n  (0)3 84 29 30 60<\/td><td>&nbsp;<\/td><td><a href=\"mailto:hoteldusommet@aol.com\">hoteldusommet@aol.com<\/a><\/td><td><a href=\"http:\/\/www.hotelrestaurantdusommet.com\/\">www.hotelrestaurantdusommet.com<\/a><\/td><td>25\n  chambres<\/td><td>Single<br>\n    Double<br>\n    Triple<\/td><td>&#8211;<\/td><td>&#8211;<\/td><td>&#8211;<\/td><\/tr><tr><td>Le paradis des Loups ***<\/td><td>GIROMAGNY<\/td><td>45\n  Grande Rue,&nbsp;<\/td><td>90200<\/td><td>GIROMAGNY<\/td><td>33\n  (0)384 26 64 25<\/td><td>&nbsp;<\/td><td><a href=\"mailto:contact@leparadisdesloups.com\">contact@leparadisdesloups.com<\/a><\/td><td><a href=\"http:\/\/www.leparadisdesloups.com\/\">www.leparadisdesloups.com<\/a><\/td><td>13\n  chambres<\/td><td>Single<br>\n    Double<br>\n    Triple<\/td><td>&#8211;<\/td><td>&#8211;<\/td><td>&#8211;<\/td><\/tr><\/tbody><\/table><\/figure>\n","protected":false},"excerpt":{"rendered":"<p>la situation li\u00e9e au COVID-19 nous am\u00e8ne \u00e0 reporter les journ\u00e9es \u00e0 une date ult\u00e9rieure Accueil UTBM Site de Belfort B\u00e2timent E&nbsp; Site de BelfortRue Thierry Mieg90010 Belfort Cedex Trajet Gare SNCF \u00e0 1,5km Gare TGV \u00e0 12 km A\u00e9roport [&hellip;]<\/p>\n","protected":false},"author":3,"featured_media":0,"parent":0,"menu_order":0,"comment_status":"closed","ping_status":"closed","template":"page-templates\/page_fullwidth.php","meta":{"footnotes":""},"class_list":["post-55","page","type-page","status-publish","hentry"],"_links":{"self":[{"href":"https:\/\/jeea-h2-2020.utbm.fr\/index.php?rest_route=\/wp\/v2\/pages\/55","targetHints":{"allow":["GET"]}}],"collection":[{"href":"https:\/\/jeea-h2-2020.utbm.fr\/index.php?rest_route=\/wp\/v2\/pages"}],"about":[{"href":"https:\/\/jeea-h2-2020.utbm.fr\/index.php?rest_route=\/wp\/v2\/types\/page"}],"author":[{"embeddable":true,"href":"https:\/\/jeea-h2-2020.utbm.fr\/index.php?rest_route=\/wp\/v2\/users\/3"}],"replies":[{"embeddable":true,"href":"https:\/\/jeea-h2-2020.utbm.fr\/index.php?rest_route=%2Fwp%2Fv2%2Fcomments&post=55"}],"version-history":[{"count":18,"href":"https:\/\/jeea-h2-2020.utbm.fr\/index.php?rest_route=\/wp\/v2\/pages\/55\/revisions"}],"predecessor-version":[{"id":307,"href":"https:\/\/jeea-h2-2020.utbm.fr\/index.php?rest_route=\/wp\/v2\/pages\/55\/revisions\/307"}],"wp:attachment":[{"href":"https:\/\/jeea-h2-2020.utbm.fr\/index.php?rest_route=%2Fwp%2Fv2%2Fmedia&parent=55"}],"curies":[{"name":"wp","href":"https:\/\/api.w.org\/{rel}","templated":true}]}}