{"id":54,"date":"2019-12-16T16:30:33","date_gmt":"2019-12-16T15:30:33","guid":{"rendered":"http:\/\/jeea-h2-2020.utbm.fr\/?page_id=54"},"modified":"2020-03-31T11:02:16","modified_gmt":"2020-03-31T09:02:16","slug":"inscriptions","status":"publish","type":"page","link":"https:\/\/jeea-h2-2020.utbm.fr\/?page_id=54","title":{"rendered":"Inscriptions"},"content":{"rendered":"\n<div class=\"wp-block-group\"><div class=\"wp-block-group__inner-container is-layout-flow wp-block-group-is-layout-flow\">\n<div class=\"wp-block-group\"><div class=\"wp-block-group__inner-container is-layout-flow wp-block-group-is-layout-flow\">\n<p class=\"has-text-color has-large-font-size has-vivid-red-color\"> <strong>la situation li\u00e9e au COVID-19 nous am\u00e8ne \u00e0 reporter les journ\u00e9es \u00e0 une date ult\u00e9rieure<\/strong> <\/p>\n\n\n\n<p>Pour vous inscrire,  il est n\u00e9cessaire d&rsquo;avoir un compte (soit UFC, soit ext\u00e9rieur) pour r\u00e9pondre \u00e0 un formulaire. C&rsquo;est effectivement n\u00e9cessaire pour le bon suivi de votre inscription. <\/p>\n\n\n\n<p><strong>Etape 1<\/strong> : Cr\u00e9er un compte : cliquez<a href=\"https:\/\/applications.univ-fcomte.fr\/PaiementEnLigne#M16\"> ici<\/a>  (si vous avec d\u00e9j\u00e0 un compte, aller \u00e0 l&rsquo;\u00e9tape 2)  <\/p>\n\n\n\n<div class=\"wp-block-media-text alignwide has-media-on-the-right\" style=\"grid-template-columns:auto 52%\"><figure class=\"wp-block-media-text__media\"><img loading=\"lazy\" decoding=\"async\" width=\"783\" height=\"413\" src=\"http:\/\/jeea-h2-2020.utbm.fr\/wp-content\/uploads\/2020\/01\/compte-1.jpg\" alt=\"\" class=\"wp-image-186\" srcset=\"https:\/\/jeea-h2-2020.utbm.fr\/wp-content\/uploads\/2020\/01\/compte-1.jpg 783w, https:\/\/jeea-h2-2020.utbm.fr\/wp-content\/uploads\/2020\/01\/compte-1-300x158.jpg 300w, https:\/\/jeea-h2-2020.utbm.fr\/wp-content\/uploads\/2020\/01\/compte-1-768x405.jpg 768w, https:\/\/jeea-h2-2020.utbm.fr\/wp-content\/uploads\/2020\/01\/compte-1-230x121.jpg 230w, https:\/\/jeea-h2-2020.utbm.fr\/wp-content\/uploads\/2020\/01\/compte-1-350x185.jpg 350w, https:\/\/jeea-h2-2020.utbm.fr\/wp-content\/uploads\/2020\/01\/compte-1-480x253.jpg 480w\" sizes=\"auto, (max-width: 783px) 100vw, 783px\" \/><\/figure><div class=\"wp-block-media-text__content\">\n<p style=\"font-size:17px\"> Sur le site, cliquez sur un des 2 ic\u00f4nes, suivant votre situation : <\/p>\n<\/div><\/div>\n\n\n\n<div class=\"wp-block-group\"><div class=\"wp-block-group__inner-container is-layout-flow wp-block-group-is-layout-flow\">\n<div class=\"wp-block-group\"><div class=\"wp-block-group__inner-container is-layout-flow wp-block-group-is-layout-flow\">\n<div class=\"wp-block-group\"><div class=\"wp-block-group__inner-container is-layout-flow wp-block-group-is-layout-flow\">\n<div class=\"wp-block-group alignwide\"><div class=\"wp-block-group__inner-container is-layout-flow wp-block-group-is-layout-flow\">\n<p><\/p>\n\n\n\n<p> <strong>Etape 2:<\/strong> Les formulaires d&rsquo;inscription aux colloques sont \u00e0 cr\u00e9er sur le portail suivant :&nbsp;<a href=\"https:\/\/applications.univ-fcomte.fr\/PAIEMENTENLIGNE_WEB\/FR\/Formulaire.awp?code=Fes7GT97.\">Inscriptions en ligne<\/a><\/p>\n\n\n\n<div class=\"wp-block-media-text alignwide has-media-on-the-right\" style=\"grid-template-columns:auto 53%\"><figure class=\"wp-block-media-text__media\"><img loading=\"lazy\" decoding=\"async\" width=\"531\" height=\"192\" src=\"http:\/\/jeea-h2-2020.utbm.fr\/wp-content\/uploads\/2020\/01\/bouton-insciptions-1.jpg\" alt=\"\" class=\"wp-image-164\" srcset=\"https:\/\/jeea-h2-2020.utbm.fr\/wp-content\/uploads\/2020\/01\/bouton-insciptions-1.jpg 531w, https:\/\/jeea-h2-2020.utbm.fr\/wp-content\/uploads\/2020\/01\/bouton-insciptions-1-300x108.jpg 300w, https:\/\/jeea-h2-2020.utbm.fr\/wp-content\/uploads\/2020\/01\/bouton-insciptions-1-230x83.jpg 230w, https:\/\/jeea-h2-2020.utbm.fr\/wp-content\/uploads\/2020\/01\/bouton-insciptions-1-350x127.jpg 350w, https:\/\/jeea-h2-2020.utbm.fr\/wp-content\/uploads\/2020\/01\/bouton-insciptions-1-480x174.jpg 480w\" sizes=\"auto, (max-width: 531px) 100vw, 531px\" \/><\/figure><div class=\"wp-block-media-text__content\">\n<p style=\"font-size:17px\">Sur le site, cliquez sur \u00ab\u00a0journ\u00e9es EEA H2 ETECH\u00a0\u00bb pour vous inscrire<\/p>\n<\/div><\/div>\n<\/div><\/div>\n<\/div><\/div>\n<\/div><\/div>\n<\/div><\/div>\n<\/div><\/div>\n<\/div><\/div>\n\n\n\n<p>      <\/p>\n\n\n\n<figure class=\"wp-block-gallery alignfull columns-4 is-cropped wp-block-gallery-1 is-layout-flex wp-block-gallery-is-layout-flex\"><ul class=\"blocks-gallery-grid\"><li class=\"blocks-gallery-item\"><figure><img loading=\"lazy\" decoding=\"async\" width=\"1024\" height=\"750\" src=\"http:\/\/jeea-h2-2020.utbm.fr\/wp-content\/uploads\/2019\/12\/atouts2-1024x750.jpg\" alt=\"\" data-id=\"23\" data-full-url=\"http:\/\/jeea-h2-2020.utbm.fr\/wp-content\/uploads\/2019\/12\/atouts2.jpg\" data-link=\"http:\/\/jeea-h2-2020.utbm.fr\/?attachment_id=23\" class=\"wp-image-23\" srcset=\"https:\/\/jeea-h2-2020.utbm.fr\/wp-content\/uploads\/2019\/12\/atouts2-1024x750.jpg 1024w, https:\/\/jeea-h2-2020.utbm.fr\/wp-content\/uploads\/2019\/12\/atouts2-300x220.jpg 300w, https:\/\/jeea-h2-2020.utbm.fr\/wp-content\/uploads\/2019\/12\/atouts2-768x563.jpg 768w, https:\/\/jeea-h2-2020.utbm.fr\/wp-content\/uploads\/2019\/12\/atouts2-830x608.jpg 830w, https:\/\/jeea-h2-2020.utbm.fr\/wp-content\/uploads\/2019\/12\/atouts2-230x169.jpg 230w, https:\/\/jeea-h2-2020.utbm.fr\/wp-content\/uploads\/2019\/12\/atouts2-350x256.jpg 350w, https:\/\/jeea-h2-2020.utbm.fr\/wp-content\/uploads\/2019\/12\/atouts2-480x352.jpg 480w, https:\/\/jeea-h2-2020.utbm.fr\/wp-content\/uploads\/2019\/12\/atouts2.jpg 1280w\" sizes=\"auto, (max-width: 1024px) 100vw, 1024px\" \/><figcaption class=\"blocks-gallery-item__caption\"> Universitaires et Industriels &#8211; 190\u20ac <\/figcaption><\/figure><\/li><li class=\"blocks-gallery-item\"><figure><img loading=\"lazy\" decoding=\"async\" width=\"882\" height=\"588\" src=\"http:\/\/jeea-h2-2020.utbm.fr\/wp-content\/uploads\/2019\/12\/runion-travail.jpg\" alt=\"\" data-id=\"43\" data-full-url=\"http:\/\/jeea-h2-2020.utbm.fr\/wp-content\/uploads\/2019\/12\/runion-travail.jpg\" data-link=\"http:\/\/jeea-h2-2020.utbm.fr\/?attachment_id=43\" class=\"wp-image-43\" srcset=\"https:\/\/jeea-h2-2020.utbm.fr\/wp-content\/uploads\/2019\/12\/runion-travail.jpg 882w, https:\/\/jeea-h2-2020.utbm.fr\/wp-content\/uploads\/2019\/12\/runion-travail-300x200.jpg 300w, https:\/\/jeea-h2-2020.utbm.fr\/wp-content\/uploads\/2019\/12\/runion-travail-768x512.jpg 768w, https:\/\/jeea-h2-2020.utbm.fr\/wp-content\/uploads\/2019\/12\/runion-travail-830x553.jpg 830w, https:\/\/jeea-h2-2020.utbm.fr\/wp-content\/uploads\/2019\/12\/runion-travail-230x153.jpg 230w, https:\/\/jeea-h2-2020.utbm.fr\/wp-content\/uploads\/2019\/12\/runion-travail-350x233.jpg 350w, https:\/\/jeea-h2-2020.utbm.fr\/wp-content\/uploads\/2019\/12\/runion-travail-480x320.jpg 480w\" sizes=\"auto, (max-width: 882px) 100vw, 882px\" \/><figcaption class=\"blocks-gallery-item__caption\"> Membres EEA \/ SEEDS \/ AAE \/ SEE  &#8211; 160\u20ac <\/figcaption><\/figure><\/li><li class=\"blocks-gallery-item\"><figure><img loading=\"lazy\" decoding=\"async\" width=\"1000\" height=\"563\" src=\"http:\/\/jeea-h2-2020.utbm.fr\/wp-content\/uploads\/2019\/12\/big-bang-theory.jpg\" alt=\"\" data-id=\"25\" data-full-url=\"http:\/\/jeea-h2-2020.utbm.fr\/wp-content\/uploads\/2019\/12\/big-bang-theory.jpg\" data-link=\"http:\/\/jeea-h2-2020.utbm.fr\/?attachment_id=25\" class=\"wp-image-25\" srcset=\"https:\/\/jeea-h2-2020.utbm.fr\/wp-content\/uploads\/2019\/12\/big-bang-theory.jpg 1000w, https:\/\/jeea-h2-2020.utbm.fr\/wp-content\/uploads\/2019\/12\/big-bang-theory-300x169.jpg 300w, https:\/\/jeea-h2-2020.utbm.fr\/wp-content\/uploads\/2019\/12\/big-bang-theory-768x432.jpg 768w, https:\/\/jeea-h2-2020.utbm.fr\/wp-content\/uploads\/2019\/12\/big-bang-theory-830x467.jpg 830w, https:\/\/jeea-h2-2020.utbm.fr\/wp-content\/uploads\/2019\/12\/big-bang-theory-230x129.jpg 230w, https:\/\/jeea-h2-2020.utbm.fr\/wp-content\/uploads\/2019\/12\/big-bang-theory-350x197.jpg 350w, https:\/\/jeea-h2-2020.utbm.fr\/wp-content\/uploads\/2019\/12\/big-bang-theory-480x270.jpg 480w\" sizes=\"auto, (max-width: 1000px) 100vw, 1000px\" \/><figcaption class=\"blocks-gallery-item__caption\"> Etudiants et  Doctorants   &#8211; 120\u20ac <\/figcaption><\/figure><\/li><li class=\"blocks-gallery-item\"><figure><img loading=\"lazy\" decoding=\"async\" width=\"729\" height=\"486\" src=\"http:\/\/jeea-h2-2020.utbm.fr\/wp-content\/uploads\/2019\/12\/ministere-leducation-compte-reformer-formation-initiale-professeurs_0_729_486.jpg\" alt=\"\" data-id=\"38\" data-full-url=\"http:\/\/jeea-h2-2020.utbm.fr\/wp-content\/uploads\/2019\/12\/ministere-leducation-compte-reformer-formation-initiale-professeurs_0_729_486.jpg\" data-link=\"http:\/\/jeea-h2-2020.utbm.fr\/?attachment_id=38\" class=\"wp-image-38\" srcset=\"https:\/\/jeea-h2-2020.utbm.fr\/wp-content\/uploads\/2019\/12\/ministere-leducation-compte-reformer-formation-initiale-professeurs_0_729_486.jpg 729w, https:\/\/jeea-h2-2020.utbm.fr\/wp-content\/uploads\/2019\/12\/ministere-leducation-compte-reformer-formation-initiale-professeurs_0_729_486-300x200.jpg 300w, https:\/\/jeea-h2-2020.utbm.fr\/wp-content\/uploads\/2019\/12\/ministere-leducation-compte-reformer-formation-initiale-professeurs_0_729_486-230x153.jpg 230w, https:\/\/jeea-h2-2020.utbm.fr\/wp-content\/uploads\/2019\/12\/ministere-leducation-compte-reformer-formation-initiale-professeurs_0_729_486-350x233.jpg 350w, https:\/\/jeea-h2-2020.utbm.fr\/wp-content\/uploads\/2019\/12\/ministere-leducation-compte-reformer-formation-initiale-professeurs_0_729_486-480x320.jpg 480w\" sizes=\"auto, (max-width: 729px) 100vw, 729px\" \/><figcaption class=\"blocks-gallery-item__caption\"> Enseignants du secondaire   &#8211; 60\u20ac (hors repas) <\/figcaption><\/figure><\/li><\/ul><\/figure>\n\n\n\n<p style=\"font-size:15px\"> Ces frais couvrent :<br>&#8211; L&rsquo;acc\u00e8s aux pr\u00e9sentations, <br>&#8211; L&rsquo;acc\u00e8s aux visites et aux d\u00e9monstrations, <br>&#8211; Les pauses caf\u00e9, d\u00e9jeuner et d\u00eener de gala du 11 Mars 2020 <br>&#8211; Une visite de la citadelle et du Lion de Belfort <\/p>\n\n\n\n<figure class=\"wp-block-image is-resized is-style-circle-mask\"><img loading=\"lazy\" decoding=\"async\" src=\"http:\/\/jeea-h2-2020.utbm.fr\/wp-content\/uploads\/2020\/01\/Citadelle-1024x310.jpg\" alt=\"\" class=\"wp-image-143\" width=\"1331\" height=\"403\" srcset=\"https:\/\/jeea-h2-2020.utbm.fr\/wp-content\/uploads\/2020\/01\/Citadelle-1024x310.jpg 1024w, https:\/\/jeea-h2-2020.utbm.fr\/wp-content\/uploads\/2020\/01\/Citadelle-300x91.jpg 300w, https:\/\/jeea-h2-2020.utbm.fr\/wp-content\/uploads\/2020\/01\/Citadelle-768x232.jpg 768w, https:\/\/jeea-h2-2020.utbm.fr\/wp-content\/uploads\/2020\/01\/Citadelle-1536x464.jpg 1536w, https:\/\/jeea-h2-2020.utbm.fr\/wp-content\/uploads\/2020\/01\/Citadelle-830x251.jpg 830w, https:\/\/jeea-h2-2020.utbm.fr\/wp-content\/uploads\/2020\/01\/Citadelle-230x70.jpg 230w, https:\/\/jeea-h2-2020.utbm.fr\/wp-content\/uploads\/2020\/01\/Citadelle-350x106.jpg 350w, https:\/\/jeea-h2-2020.utbm.fr\/wp-content\/uploads\/2020\/01\/Citadelle-480x145.jpg 480w, https:\/\/jeea-h2-2020.utbm.fr\/wp-content\/uploads\/2020\/01\/Citadelle.jpg 1902w\" sizes=\"auto, (max-width: 1331px) 100vw, 1331px\" \/><figcaption>https:\/\/www.belfort-tourisme.com\/<\/figcaption><\/figure>\n\n\n\n<p><\/p>\n","protected":false},"excerpt":{"rendered":"<p>la situation li\u00e9e au COVID-19 nous am\u00e8ne \u00e0 reporter les journ\u00e9es \u00e0 une date ult\u00e9rieure Pour vous inscrire, il est n\u00e9cessaire d&rsquo;avoir un compte (soit UFC, soit ext\u00e9rieur) pour r\u00e9pondre \u00e0 un formulaire. C&rsquo;est effectivement n\u00e9cessaire pour le bon suivi [&hellip;]<\/p>\n","protected":false},"author":3,"featured_media":0,"parent":0,"menu_order":0,"comment_status":"closed","ping_status":"closed","template":"","meta":{"footnotes":""},"class_list":["post-54","page","type-page","status-publish","hentry"],"_links":{"self":[{"href":"https:\/\/jeea-h2-2020.utbm.fr\/index.php?rest_route=\/wp\/v2\/pages\/54","targetHints":{"allow":["GET"]}}],"collection":[{"href":"https:\/\/jeea-h2-2020.utbm.fr\/index.php?rest_route=\/wp\/v2\/pages"}],"about":[{"href":"https:\/\/jeea-h2-2020.utbm.fr\/index.php?rest_route=\/wp\/v2\/types\/page"}],"author":[{"embeddable":true,"href":"https:\/\/jeea-h2-2020.utbm.fr\/index.php?rest_route=\/wp\/v2\/users\/3"}],"replies":[{"embeddable":true,"href":"https:\/\/jeea-h2-2020.utbm.fr\/index.php?rest_route=%2Fwp%2Fv2%2Fcomments&post=54"}],"version-history":[{"count":31,"href":"https:\/\/jeea-h2-2020.utbm.fr\/index.php?rest_route=\/wp\/v2\/pages\/54\/revisions"}],"predecessor-version":[{"id":308,"href":"https:\/\/jeea-h2-2020.utbm.fr\/index.php?rest_route=\/wp\/v2\/pages\/54\/revisions\/308"}],"wp:attachment":[{"href":"https:\/\/jeea-h2-2020.utbm.fr\/index.php?rest_route=%2Fwp%2Fv2%2Fmedia&parent=54"}],"curies":[{"name":"wp","href":"https:\/\/api.w.org\/{rel}","templated":true}]}}