{"id":53,"date":"2019-12-16T16:30:33","date_gmt":"2019-12-16T15:30:33","guid":{"rendered":"http:\/\/jeea-h2-2020.utbm.fr\/?page_id=53"},"modified":"2020-03-31T11:05:39","modified_gmt":"2020-03-31T09:05:39","slug":"programme","status":"publish","type":"page","link":"https:\/\/jeea-h2-2020.utbm.fr\/?page_id=53","title":{"rendered":"Programme"},"content":{"rendered":"\n<p class=\"has-text-color has-large-font-size has-vivid-red-color\"> <strong>la situation li\u00e9e au COVID-19 nous am\u00e8ne \u00e0 reporter les journ\u00e9es \u00e0 une date ult\u00e9rieure<\/strong> <\/p>\n\n\n\n<p><a href=\"http:\/\/jeea-h2-2020.utbm.fr\/wp-content\/uploads\/2020\/03\/programme_final2-3.pdf\">Cliquez ici pour t\u00e9l\u00e9charger le programme en PDF<\/a><\/p>\n\n\n\n<figure class=\"wp-block-image size-large\"><img loading=\"lazy\" decoding=\"async\" width=\"865\" height=\"489\" src=\"http:\/\/jeea-h2-2020.utbm.fr\/wp-content\/uploads\/2020\/03\/PR1-1.png\" alt=\"\" class=\"wp-image-289\" srcset=\"https:\/\/jeea-h2-2020.utbm.fr\/wp-content\/uploads\/2020\/03\/PR1-1.png 865w, https:\/\/jeea-h2-2020.utbm.fr\/wp-content\/uploads\/2020\/03\/PR1-1-300x170.png 300w, https:\/\/jeea-h2-2020.utbm.fr\/wp-content\/uploads\/2020\/03\/PR1-1-768x434.png 768w, https:\/\/jeea-h2-2020.utbm.fr\/wp-content\/uploads\/2020\/03\/PR1-1-830x469.png 830w, https:\/\/jeea-h2-2020.utbm.fr\/wp-content\/uploads\/2020\/03\/PR1-1-230x130.png 230w, https:\/\/jeea-h2-2020.utbm.fr\/wp-content\/uploads\/2020\/03\/PR1-1-350x198.png 350w, https:\/\/jeea-h2-2020.utbm.fr\/wp-content\/uploads\/2020\/03\/PR1-1-480x271.png 480w\" sizes=\"auto, (max-width: 865px) 100vw, 865px\" \/><\/figure>\n\n\n\n<figure class=\"wp-block-image size-large\"><img loading=\"lazy\" decoding=\"async\" width=\"864\" height=\"478\" src=\"http:\/\/jeea-h2-2020.utbm.fr\/wp-content\/uploads\/2020\/03\/PR2-1-1.png\" alt=\"\" class=\"wp-image-295\" srcset=\"https:\/\/jeea-h2-2020.utbm.fr\/wp-content\/uploads\/2020\/03\/PR2-1-1.png 864w, https:\/\/jeea-h2-2020.utbm.fr\/wp-content\/uploads\/2020\/03\/PR2-1-1-300x166.png 300w, https:\/\/jeea-h2-2020.utbm.fr\/wp-content\/uploads\/2020\/03\/PR2-1-1-768x425.png 768w, https:\/\/jeea-h2-2020.utbm.fr\/wp-content\/uploads\/2020\/03\/PR2-1-1-830x459.png 830w, https:\/\/jeea-h2-2020.utbm.fr\/wp-content\/uploads\/2020\/03\/PR2-1-1-230x127.png 230w, https:\/\/jeea-h2-2020.utbm.fr\/wp-content\/uploads\/2020\/03\/PR2-1-1-350x194.png 350w, https:\/\/jeea-h2-2020.utbm.fr\/wp-content\/uploads\/2020\/03\/PR2-1-1-480x266.png 480w\" sizes=\"auto, (max-width: 864px) 100vw, 864px\" \/><\/figure>\n\n\n\n<p><\/p>\n","protected":false},"excerpt":{"rendered":"<p>la situation li\u00e9e au COVID-19 nous am\u00e8ne \u00e0 reporter les journ\u00e9es \u00e0 une date ult\u00e9rieure Cliquez ici pour t\u00e9l\u00e9charger le programme en PDF<\/p>\n","protected":false},"author":3,"featured_media":0,"parent":0,"menu_order":0,"comment_status":"closed","ping_status":"closed","template":"","meta":{"footnotes":""},"class_list":["post-53","page","type-page","status-publish","hentry"],"_links":{"self":[{"href":"https:\/\/jeea-h2-2020.utbm.fr\/index.php?rest_route=\/wp\/v2\/pages\/53","targetHints":{"allow":["GET"]}}],"collection":[{"href":"https:\/\/jeea-h2-2020.utbm.fr\/index.php?rest_route=\/wp\/v2\/pages"}],"about":[{"href":"https:\/\/jeea-h2-2020.utbm.fr\/index.php?rest_route=\/wp\/v2\/types\/page"}],"author":[{"embeddable":true,"href":"https:\/\/jeea-h2-2020.utbm.fr\/index.php?rest_route=\/wp\/v2\/users\/3"}],"replies":[{"embeddable":true,"href":"https:\/\/jeea-h2-2020.utbm.fr\/index.php?rest_route=%2Fwp%2Fv2%2Fcomments&post=53"}],"version-history":[{"count":34,"href":"https:\/\/jeea-h2-2020.utbm.fr\/index.php?rest_route=\/wp\/v2\/pages\/53\/revisions"}],"predecessor-version":[{"id":311,"href":"https:\/\/jeea-h2-2020.utbm.fr\/index.php?rest_route=\/wp\/v2\/pages\/53\/revisions\/311"}],"wp:attachment":[{"href":"https:\/\/jeea-h2-2020.utbm.fr\/index.php?rest_route=%2Fwp%2Fv2%2Fmedia&parent=53"}],"curies":[{"name":"wp","href":"https:\/\/api.w.org\/{rel}","templated":true}]}}