{"id":170,"date":"2020-01-24T09:51:48","date_gmt":"2020-01-24T08:51:48","guid":{"rendered":"http:\/\/jeea-h2-2020.utbm.fr\/?page_id=170"},"modified":"2020-01-24T17:31:53","modified_gmt":"2020-01-24T16:31:53","slug":"sponsoring-et-exposants","status":"publish","type":"page","link":"https:\/\/jeea-h2-2020.utbm.fr\/?page_id=170","title":{"rendered":"Sponsoring et Exposants"},"content":{"rendered":"\n<p style=\"font-size:18px\" class=\"has-text-color has-very-dark-gray-color\"> Le <strong>sponsoring<\/strong>   permettra \u00e0 votre soci\u00e9t\u00e9, groupe ou institution de faire conna\u00eetre et mettre   en valeur les actions que vous engagez autour du d\u00e9veloppement de <strong>l\u2019hydrog\u00e8ne-\u00e9nergie<\/strong> aupr\u00e8s des sp\u00e9cialistes acad\u00e9miques, industriels   et institutionnels du domaine. S\u2019associer \u00e0 cette manifestation scientifique   vous permettra de b\u00e9n\u00e9ficier de <strong>la couverture m\u00e9diatique nationale<\/strong>   qu\u2019aura l\u2019\u00e9v\u00e9nement.                                                   <\/p>\n\n\n\n<p style=\"font-size:18px\" class=\"has-text-color has-very-dark-gray-color\"> Nous   serions honor\u00e9s de vous compter parmi nos sponsors officiels de cet   \u00e9v\u00e9nement. Veuillez consulter les solutions possibles ci-dessous tant en   termes de sponsoring que d\u2019exposant. N\u2019h\u00e9sitez pas \u00e0 nous contacter afin de   discuter de cette opportunit\u00e9 unique <\/p>\n\n\n\n<div class=\"wp-block-group\"><div class=\"wp-block-group__inner-container is-layout-flow wp-block-group-is-layout-flow\">\n<p style=\"font-size:21px\" class=\"has-text-color has-vivid-cyan-blue-color\"> <strong>Sponsoring<\/strong> <strong>platinum\u00a0: 2\u00a0500 \u20ac<\/strong>   <\/p>\n\n\n\n<ul class=\"wp-block-list\"><li>Un stand d\u2019exposition sp\u00e9cifique   de 10-12 m\u00b2.<\/li><li>Quatre inscriptions \u00e0 la   conf\u00e9rence (d\u00e9jeuners inclus) et invitations au d\u00eener de gala.<\/li><li>Mise en avant de votre soci\u00e9t\u00e9   sur l\u2019ensemble des moyens de communication dont le site web.<\/li><li>D\u00e9monstration et\/ou   pr\u00e9sentation de 30 minutes incluse dans le programme de la conf\u00e9rence.            <\/li><li>D\u00e9monstration et\/ou   pr\u00e9sentation de 10 minutes pendant le d\u00eener de gala <\/li><\/ul>\n<\/div><\/div>\n\n\n\n<p style=\"font-size:21px\" class=\"has-text-color has-vivid-cyan-blue-color\"> <strong>Sponsoring<\/strong> <strong>gold\u00a0: 1\u00a0500 \u20ac<\/strong>  <\/p>\n\n\n\n<ul class=\"wp-block-list\"><li>Un stand d\u2019exposition de 8   m\u00b2.<\/li><li>Deux inscriptions \u00e0 la   conf\u00e9rence (d\u00e9jeuners inclus) et invitations au d\u00eener de gala.<\/li><li>D\u00e9monstration et\/ou   pr\u00e9sentation de 15 minutes incluse dans le programme de la conf\u00e9rence.<\/li><li>Mise en avant de votre soci\u00e9t\u00e9   sur l\u2019ensemble des moyens de communication dont le site web .<\/li><\/ul>\n\n\n\n<p style=\"font-size:21px\" class=\"has-text-color has-vivid-cyan-blue-color\"> <strong>Sponsoring<\/strong> <strong>silver\u00a0: 500 \u20ac<\/strong> <\/p>\n\n\n\n<ul class=\"wp-block-list\"><li> Un stand d\u2019exposition de 4   m\u00b2<\/li><li>Une inscription \u00e0 la   conf\u00e9rence (d\u00e9jeuners inclus) et invitation au d\u00eener de gala.      <\/li><li>Mise en avant de   votre soci\u00e9t\u00e9 sur l\u2019ensemble des moyens de communication dont le site web <\/li><\/ul>\n\n\n\n<p><\/p>\n","protected":false},"excerpt":{"rendered":"<p>Le sponsoring permettra \u00e0 votre soci\u00e9t\u00e9, groupe ou institution de faire conna\u00eetre et mettre en valeur les actions que vous engagez autour du d\u00e9veloppement de l\u2019hydrog\u00e8ne-\u00e9nergie aupr\u00e8s des sp\u00e9cialistes acad\u00e9miques, industriels et institutionnels du domaine. S\u2019associer \u00e0 cette manifestation scientifique [&hellip;]<\/p>\n","protected":false},"author":3,"featured_media":0,"parent":0,"menu_order":0,"comment_status":"closed","ping_status":"closed","template":"","meta":{"footnotes":""},"class_list":["post-170","page","type-page","status-publish","hentry"],"_links":{"self":[{"href":"https:\/\/jeea-h2-2020.utbm.fr\/index.php?rest_route=\/wp\/v2\/pages\/170","targetHints":{"allow":["GET"]}}],"collection":[{"href":"https:\/\/jeea-h2-2020.utbm.fr\/index.php?rest_route=\/wp\/v2\/pages"}],"about":[{"href":"https:\/\/jeea-h2-2020.utbm.fr\/index.php?rest_route=\/wp\/v2\/types\/page"}],"author":[{"embeddable":true,"href":"https:\/\/jeea-h2-2020.utbm.fr\/index.php?rest_route=\/wp\/v2\/users\/3"}],"replies":[{"embeddable":true,"href":"https:\/\/jeea-h2-2020.utbm.fr\/index.php?rest_route=%2Fwp%2Fv2%2Fcomments&post=170"}],"version-history":[{"count":2,"href":"https:\/\/jeea-h2-2020.utbm.fr\/index.php?rest_route=\/wp\/v2\/pages\/170\/revisions"}],"predecessor-version":[{"id":183,"href":"https:\/\/jeea-h2-2020.utbm.fr\/index.php?rest_route=\/wp\/v2\/pages\/170\/revisions\/183"}],"wp:attachment":[{"href":"https:\/\/jeea-h2-2020.utbm.fr\/index.php?rest_route=%2Fwp%2Fv2%2Fmedia&parent=170"}],"curies":[{"name":"wp","href":"https:\/\/api.w.org\/{rel}","templated":true}]}}